{"id":134475,"date":"2023-11-11T13:52:49","date_gmt":"2023-11-11T12:52:49","guid":{"rendered":"http:\/\/stage.pomologic.se\/cookies\/"},"modified":"2024-03-07T11:29:55","modified_gmt":"2024-03-07T10:29:55","slug":"cookies","status":"publish","type":"page","link":"https:\/\/stage.pomologic.se\/en\/cookies\/","title":{"rendered":"Cookies"},"content":{"rendered":"<div class=\"wpb-content-wrapper\"><p>[vc_row row_height_percent=&#8221;0&#8243; override_padding=&#8221;yes&#8221; h_padding=&#8221;2&#8243; top_padding=&#8221;4&#8243; bottom_padding=&#8221;6&#8243; overlay_alpha=&#8221;50&#8243; gutter_size=&#8221;3&#8243; column_width_percent=&#8221;100&#8243; shift_y=&#8221;0&#8243; z_index=&#8221;0&#8243; enable_bottom_divider=&#8221;default&#8221; bottom_divider_inv=&#8221;tilt&#8221; shape_bottom_invert=&#8221;yes&#8221; shape_bottom_h_use_pixel=&#8221;&#8221; shape_bottom_height=&#8221;120&#8243; shape_bottom_color=&#8221;color-lxmt&#8221; shape_bottom_opacity=&#8221;100&#8243; shape_bottom_index=&#8221;0&#8243; uncode_shortcode_id=&#8221;466222&#8243; shape_bottom_color_type=&#8221;uncode-palette&#8221;][vc_column column_width_percent=&#8221;80&#8243; gutter_size=&#8221;3&#8243; overlay_alpha=&#8221;50&#8243; shift_x=&#8221;0&#8243; shift_y=&#8221;0&#8243; shift_y_down=&#8221;0&#8243; z_index=&#8221;0&#8243; medium_width=&#8221;0&#8243; mobile_width=&#8221;0&#8243; width=&#8221;1\/1&#8243; uncode_shortcode_id=&#8221;834395&#8243;][vc_column_text uncode_shortcode_id=&#8221;210816&#8243;]<\/p>\n<h3>Introduktion<\/h3>\n<p>Denna cookiepolicy g\u00e4ller webbplatsen http:\/\/stage.pomologic.se och alla dess undersidor. Webbplatsen \u00e4gs av Pomologic AB (\u201cPomologic\u201d, \u201cvi\u201d, \u201cv\u00e5r\u201d eller \u201coss\u201d) ett f\u00f6retag registrerat i Sverige med organisationsnummer 559348-2598, postadress: Box 18, 193 21 Sigtuna.<\/p>\n<p>V\u00e5r cookiepolicy beskriver vilka cookies vi anv\u00e4nder och till vilket \u00e4ndam\u00e5l. Har du n\u00e5gra fr\u00e5gor \u00e4r du v\u00e4lkommen att kontakta oss <a href=\"http:\/\/stage.pomologic.se\/kontakt\/\">h\u00e4r<\/a> eller p\u00e5 <a href=\"mailto:info@pomologic.se\">info@pomologic.se<\/a><\/p>\n<h3>Om Cookies<\/h3>\n<p>Vi anv\u00e4nder s\u00e5 kallade &#8220;cookies&#8221; f\u00f6r att f\u00e5 en bra funktionalitet i v\u00e5r internetbutik och de anv\u00e4nds f\u00f6r att exempelvis h\u00e5lla koll p\u00e5 din varukorg samt komma ih\u00e5g de val och inst\u00e4llningar du gjort i butiken. Om cookies \u00e4r inaktiverade kommer sidan inte fungera som den ska och du kommer ej kunna handla.<\/p>\n<p>F\u00f6rsta g\u00e5ngen du bes\u00f6ker v\u00e5r hemsida kommer du se en \u201cCookie banner\u201d d\u00e4r du kan l\u00e4mna ditt samtycke f\u00f6r anv\u00e4ndandet av Cookies p\u00e5 v\u00e5r hemsida. De cookies som \u00e4r n\u00f6dv\u00e4ndiga f\u00f6r att v\u00e5r hemsida ska fungera kan du inte neka och kommer d\u00e4rf\u00f6r sparas utan ditt medgivande.<\/p>\n<h3>Vad \u00e4r en Cookie?<\/h3>\n<p>En cookie en textfil med information som sparas p\u00e5 din dator eller annan enhet n\u00e4r du bes\u00f6ker en hemsida. Denna kan inneh\u00e5lla information som vilka sidor du har bes\u00f6kt eller funktioner som anv\u00e4nds. Oftast \u00e4r informationen inte kopplad till dig direkt utan \u00e4r till f\u00f6r att webbplatsen ska fungera och ge dig den upplevelsen du f\u00f6rv\u00e4ntar dig, som att kunna l\u00e4gga produkter i varukorgen eller logga in. Det finns ocks\u00e5 cookies f\u00f6r smartare marknadsf\u00f6ring eller f\u00f6r att samla in statistik f\u00f6r hemsidan.<\/p>\n<h3>Cookies vi anv\u00e4nder:<\/h3>\n<p>Vi anv\u00e4nder oss av tv\u00e5 kategorier av cookies: n\u00f6dv\u00e4ndinga\/funktionella och sp\u00e5rning. H\u00e4r nedan hittar du information om vad dessa grupper av cookies samlar in f\u00f6r information. D\u00e4refter kommer en lista p\u00e5 vilka cookies som anv\u00e4nds i respektive kategori, vad de anv\u00e4nds f\u00f6r och hur l\u00e4nge de sparas.<\/p>\n<h4>N\u00f6dv\u00e4ndiga\/Funktionella<\/h4>\n<p>Dessa cookies \u00e4r n\u00f6dv\u00e4ndiga f\u00f6r att webbplatsen ska fungera och g\u00e5r d\u00e4rf\u00f6r inte att neka medgivande till. De kan exempelvis vara till f\u00f6r att spara information som svarar p\u00e5 funktioner du anv\u00e4nder runtom p\u00e5 webplatsen, s\u00e5som inst\u00e4llningar, logga in, varukorg eller ifyllda formul\u00e4r. Det kan ocks\u00e5 vara cookies f\u00f6r tj\u00e4nster fr\u00e5n oss och tredjepart som beh\u00f6vs f\u00f6r webbplatsens funktionalitet och f\u00f6r att samla grundl\u00e4ggande anonym statiskt som exempelvis vilken webbl\u00e4sare som anv\u00e4nds. Du kan st\u00e4lla in s\u00e5 att din webbl\u00e4sare blockerar eller varna dig om dessa cookies men vissa delar av webbplatsen kommer i s\u00e5 fall inte att fungera.<\/p>\n<h4>Sp\u00e5rning<\/h4>\n<p>Dessa cookies g\u00f6r det m\u00f6jligt f\u00f6r oss att samla statstik som antal bes\u00f6kare och vilka trafikk\u00e4llor dessa kommer ifr\u00e5n s\u00e5 att vi kan m\u00e4ta och f\u00f6rb\u00e4ttra prestandan p\u00e5 v\u00e5r webbplats. De hj\u00e4lper oss att veta vilka sidor som \u00e4r mest och minst popul\u00e4ra och se hur bes\u00f6karna r\u00f6r sig p\u00e5 sajten. Om du inte till\u00e5ter dessa cookies kommer vi inte att veta n\u00e4r du har bes\u00f6kt v\u00e5r webbplats och kommer inte att kunna analysera dess prestanda. Dessa cookies kan vara implementerade b\u00e5de direkt fr\u00e5n oss eller genom n\u00e5gon av v\u00e5ra marknadsf\u00f6ringspartners. Dessa cookies kan samla information om ditt bes\u00f6k p\u00e5 webbplatsen f\u00f6r att skapa en profil av dina intressen f\u00f6r att visa relevant annonsering p\u00e5 andra webbplatser. De lagrar inte direkt personlig information utan \u00e4r baserade p\u00e5 att identifiera din webbl\u00e4sare och uppkopplade enhet. Om du inte till\u00e5ter dessa cookies kommer du att uppleva mindre riktad och relevant reklam.<\/p>\n<h4>Mailutskick<\/h4>\n<p>Cookies kopplade till v\u00e5ra nyhetsbrev d\u00e4r vi samlar in information som exempelvis kan vara om du l\u00e4st v\u00e5rat nyhetsbrev och sedan bes\u00f6kt en sida eller produkt p\u00e5 webbplatsen.[\/vc_column_text][vc_custom_heading text_size=&#8221;h4&#8243; uncode_shortcode_id=&#8221;147147&#8243;]List of Necessary\/Functional cookies:[\/vc_custom_heading][vc_column_text uncode_shortcode_id=&#8221;639508&#8243;]<\/p>\n<table class=\"table-wide\">\n<thead>\n<tr>\n<th>Cookie<\/th>\n<th>Time<\/th>\n<th>Purpose<\/th>\n<\/tr>\n<\/thead>\n<tbody>\n<tr>\n<th>woocommerce_cart_hash<\/th>\n<td>Session<\/td>\n<td>Determine when cart contents\/data changes.<\/td>\n<\/tr>\n<tr>\n<th>woocommerce_items_in_cart<\/th>\n<td>Session<\/td>\n<td>Determine when cart contents\/data changes.<\/td>\n<\/tr>\n<tr>\n<th>wp_woocommerce_session_<\/th>\n<td>2 days<\/td>\n<td>Contains a unique code for each customer so that it knows where to find the cart data in the database for each customer.<\/td>\n<\/tr>\n<tr>\n<th>woocommerce_recently_viewed<\/th>\n<td>Session<\/td>\n<td>Used to show the recent products<\/td>\n<\/tr>\n<tr>\n<th>store_notice[notice id]<\/th>\n<td>Session<\/td>\n<td>Allows customers to dismiss the Store Notice.<\/td>\n<\/tr>\n<tr>\n<th>wp-wpml_current_language<\/th>\n<td>1 day<\/td>\n<td>To set the correct language for the site<\/td>\n<\/tr>\n<tr>\n<th>uncode_privacy[consent_types]<\/th>\n<td>1 year<\/td>\n<td>Storing the consent made for cookies<\/td>\n<\/tr>\n<tr>\n<th>tk_ai<\/th>\n<td>Session<\/td>\n<td>Anonymous ID to collect basic statistics<\/td>\n<\/tr>\n<\/tbody>\n<\/table>\n<p>[\/vc_column_text][vc_custom_heading text_size=&#8221;h4&#8243; uncode_shortcode_id=&#8221;158192&#8243;]List of Tracking-cookies:[\/vc_custom_heading][vc_column_text uncode_shortcode_id=&#8221;471260&#8243;]<\/p>\n<table class=\"table-wide\">\n<thead>\n<tr>\n<th>Cookie<\/th>\n<th>Time<\/th>\n<th>Purpose<\/th>\n<\/tr>\n<\/thead>\n<tbody>\n<tr>\n<th>_ga<\/th>\n<td>399 days<\/td>\n<td>Statistics of how the visitor uses the website<\/td>\n<\/tr>\n<tr>\n<th>ga#<\/th>\n<td>399 days<\/td>\n<td>Collects the number of visits and date of the first and last visit for Google Analytics<\/td>\n<\/tr>\n<tr>\n<th>_gat<\/th>\n<td>1 day<\/td>\n<td>Used by Google Analytics to reduce the frequency of requests<\/td>\n<\/tr>\n<tr>\n<th>_gid<\/th>\n<td>1 day<\/td>\n<td>Creates a unique ID for the visitor that is used to narrow data on how the visitor uses the website.<\/td>\n<\/tr>\n<tr>\n<th>Collect<\/th>\n<td>Session<\/td>\n<td>Sends data to Google Analytics about the visitor&#8217;s device and behavior. Tracks the visitor between devices and different marketing channels.<\/td>\n<\/tr>\n<tr>\n<th>_fbp<\/th>\n<td>3 month<\/td>\n<td>Used by Facebook to show relevant marketing on their platforms.<\/td>\n<\/tr>\n<\/tbody>\n<\/table>\n<p>[\/vc_column_text][vc_custom_heading text_size=&#8221;h4&#8243; uncode_shortcode_id=&#8221;130225&#8243;]List of Newsletter-cookies:[\/vc_custom_heading][vc_column_text uncode_shortcode_id=&#8221;677402&#8243;]<\/p>\n<table class=\"table-wide\">\n<thead>\n<tr>\n<th>Cookie<\/th>\n<th>Time<\/th>\n<th>Purpose<\/th>\n<\/tr>\n<\/thead>\n<tbody>\n<tr>\n<th>mailchimp_landing_site<\/th>\n<td>1 month<\/td>\n<td>Which page was visited first after reading our newsletters<\/td>\n<\/tr>\n<\/tbody>\n<\/table>\n<p>[\/vc_column_text][vc_column_text uncode_shortcode_id=&#8221;181575&#8243;]<\/p>\n<h3>How to disable\/enable cookies<\/h3>\n<p>If you want to disable cookies completely, look under &#8220;settings&#8221; or &#8220;security settings&#8221; in your browser. It looks different in different systems and browsers. If you choose to deactivate this in your browser, the functional cookies that are necessary for us will also be blocked and some parts of our website will not be able to function properly.<\/p>\n<p>The first time you visit a website, you will see a &#8220;Cookie banner&#8221; where you can give your consent to the use of Cookies on our website. You cannot refuse the Necessary cookies set for our website to function correctly and will therefore be saved without your consent. You can change your consent to our cookies at any time in our <a href=\"#\" class=\"gdpr-preferences \">Cookie settings<\/a>.<\/p>\n<h3>About the site<\/h3>\n<p>This website follows the guidelines and standards established by the W3C. HTML 5 is used to structure the content and CSS is used to manage appearance. We use Javascript for various functions that make shopping easier.<\/p>\n<h3>Production<\/h3>\n<p>This online store is created by smithy.se, a digital creator based in Sweden but with the whole world as their workplace. Please contact smithy.se with any questions or comments regarding this website.[\/vc_column_text][vc_column_text text_lead=&#8221;small&#8221; uncode_shortcode_id=&#8221;803775&#8243;]This Cookie policy was updated 7 March 2024.[\/vc_column_text][\/vc_column][\/vc_row][vc_row row_height_percent=&#8221;0&#8243; override_padding=&#8221;yes&#8221; h_padding=&#8221;2&#8243; top_padding=&#8221;3&#8243; bottom_padding=&#8221;4&#8243; back_color=&#8221;color-lxmt&#8221; overlay_alpha=&#8221;50&#8243; gutter_size=&#8221;3&#8243; column_width_percent=&#8221;100&#8243; shift_y=&#8221;0&#8243; z_index=&#8221;0&#8243; top_divider=&#8221;tilt&#8221; bottom_divider=&#8221;swoosh-opacity&#8221; uncode_shortcode_id=&#8221;162110&#8243; row_name=&#8221;policy-contact&#8221; back_color_type=&#8221;uncode-palette&#8221;][vc_column column_width_use_pixel=&#8221;yes&#8221; align_horizontal=&#8221;align_center&#8221; gutter_size=&#8221;3&#8243; font_family=&#8221;font-136269&#8243; overlay_alpha=&#8221;50&#8243; shift_x=&#8221;0&#8243; shift_y=&#8221;0&#8243; shift_y_down=&#8221;0&#8243; z_index=&#8221;0&#8243; medium_width=&#8221;0&#8243; mobile_width=&#8221;0&#8243; width=&#8221;1\/1&#8243; column_width_pixel=&#8221;600&#8243; uncode_shortcode_id=&#8221;865256&#8243;][vc_row_inner limit_content=&#8221;&#8221;][vc_column_inner column_width_percent=&#8221;100&#8243; align_horizontal=&#8221;align_center&#8221; gutter_size=&#8221;2&#8243; overlay_alpha=&#8221;50&#8243; shift_x=&#8221;0&#8243; shift_y=&#8221;0&#8243; shift_y_down=&#8221;0&#8243; z_index=&#8221;0&#8243; medium_width=&#8221;0&#8243; mobile_width=&#8221;0&#8243; width=&#8221;1\/1&#8243;][vc_custom_heading text_color=&#8221;accent&#8221; heading_semantic=&#8221;h6&#8243; text_size=&#8221;&#8221; text_transform=&#8221;uppercase&#8221; uncode_shortcode_id=&#8221;167081&#8243; text_color_type=&#8221;uncode-palette&#8221;]Contact us[\/vc_custom_heading][vc_custom_heading heading_semantic=&#8221;h3&#8243; text_font=&#8221;font-104621&#8243; text_weight=&#8221;500&#8243; sub_lead=&#8221;yes&#8221; uncode_shortcode_id=&#8221;815358&#8243;]Any questions?[\/vc_custom_heading][vc_column_text uncode_shortcode_id=&#8221;927642&#8243;]Cookie policies is not the easiest thing to read through and sometimes questions may arise or you might find something that we missed. Do not hesitate to reach out.[\/vc_column_text][vc_button button_color=&#8221;accent&#8221; border_width=&#8221;0&#8243; uncode_shortcode_id=&#8221;750084&#8243; button_color_type=&#8221;uncode-palette&#8221; link=&#8221;url:http%3A%2F%2Fstage.pomologic.se%2Fkontakt%2F|title:Contact|&#8221;]Contact[\/vc_button][\/vc_column_inner][\/vc_row_inner][\/vc_column][\/vc_row]<\/p>\n<\/div>","protected":false},"excerpt":{"rendered":"<p>[vc_row row_height_percent=&#8221;0&#8243; override_padding=&#8221;yes&#8221; h_padding=&#8221;2&#8243; top_padding=&#8221;4&#8243; bottom_padding=&#8221;6&#8243; overlay_alpha=&#8221;50&#8243; gutter_size=&#8221;3&#8243; column_width_percent=&#8221;100&#8243; shift_y=&#8221;0&#8243; z_index=&#8221;0&#8243; enable_bottom_divider=&#8221;default&#8221; bottom_divider_inv=&#8221;tilt&#8221; shape_bottom_invert=&#8221;yes&#8221; shape_bottom_h_use_pixel=&#8221;&#8221; shape_bottom_height=&#8221;120&#8243; shape_bottom_color=&#8221;color-lxmt&#8221; shape_bottom_opacity=&#8221;100&#8243; shape_bottom_index=&#8221;0&#8243; uncode_shortcode_id=&#8221;466222&#8243; [&hellip;]<\/p>\n","protected":false},"author":1,"featured_media":0,"parent":0,"menu_order":0,"comment_status":"closed","ping_status":"closed","template":"","meta":{"_lmt_disableupdate":"","_lmt_disable":"","footnotes":""},"class_list":["post-134475","page","type-page","status-publish","hentry","page_category-used-en","page_category-info-en"],"_links":{"self":[{"href":"https:\/\/stage.pomologic.se\/en\/wp-json\/wp\/v2\/pages\/134475","targetHints":{"allow":["GET"]}}],"collection":[{"href":"https:\/\/stage.pomologic.se\/en\/wp-json\/wp\/v2\/pages"}],"about":[{"href":"https:\/\/stage.pomologic.se\/en\/wp-json\/wp\/v2\/types\/page"}],"author":[{"embeddable":true,"href":"https:\/\/stage.pomologic.se\/en\/wp-json\/wp\/v2\/users\/1"}],"replies":[{"embeddable":true,"href":"https:\/\/stage.pomologic.se\/en\/wp-json\/wp\/v2\/comments?post=134475"}],"version-history":[{"count":8,"href":"https:\/\/stage.pomologic.se\/en\/wp-json\/wp\/v2\/pages\/134475\/revisions"}],"predecessor-version":[{"id":134919,"href":"https:\/\/stage.pomologic.se\/en\/wp-json\/wp\/v2\/pages\/134475\/revisions\/134919"}],"wp:attachment":[{"href":"https:\/\/stage.pomologic.se\/en\/wp-json\/wp\/v2\/media?parent=134475"}],"curies":[{"name":"wp","href":"https:\/\/api.w.org\/{rel}","templated":true}]}}